{"id":686,"date":"2023-11-06T17:51:44","date_gmt":"2023-11-06T17:51:44","guid":{"rendered":"https:\/\/liphealthsolutions.de\/?page_id=686"},"modified":"2025-05-16T10:10:51","modified_gmt":"2025-05-16T10:10:51","slug":"impressum","status":"publish","type":"page","link":"https:\/\/liphealthsolutions.de\/index.php\/impressum\/","title":{"rendered":"Impressum"},"content":{"rendered":"\t\t<div data-elementor-type=\"wp-page\" data-elementor-id=\"686\" class=\"elementor elementor-686\" data-elementor-post-type=\"page\">\n\t\t\t\t<div class=\"elementor-element elementor-element-cabea0d e-con-full e-flex e-con e-parent\" data-id=\"cabea0d\" data-element_type=\"container\" data-e-type=\"container\" data-settings=\"{&quot;background_background&quot;:&quot;classic&quot;}\">\n\t\t<div class=\"elementor-element elementor-element-33e29a83 e-con-full e-flex e-con e-child\" data-id=\"33e29a83\" data-element_type=\"container\" data-e-type=\"container\">\n\t\t<div class=\"elementor-element elementor-element-2935d290 e-con-full e-flex e-con e-child\" data-id=\"2935d290\" data-element_type=\"container\" data-e-type=\"container\">\n\t\t\t\t<div class=\"elementor-element elementor-element-da25df2 elementor-widget elementor-widget-theme-site-logo elementor-widget-image\" data-id=\"da25df2\" data-element_type=\"widget\" data-e-type=\"widget\" data-widget_type=\"theme-site-logo.default\">\n\t\t\t\t<div class=\"elementor-widget-container\">\n\t\t\t\t\t\t\t\t\t\t\t<a href=\"https:\/\/liphealthsolutions.de\">\n\t\t\t<img decoding=\"async\" width=\"315\" height=\"97\" src=\"https:\/\/liphealthsolutions.de\/wp-content\/uploads\/2025\/01\/LIP-HEALTH-SOLUTIONS-1.png\" class=\"attachment-full size-full wp-image-1196\" alt=\"\" srcset=\"https:\/\/liphealthsolutions.de\/wp-content\/uploads\/2025\/01\/LIP-HEALTH-SOLUTIONS-1.png 315w, https:\/\/liphealthsolutions.de\/wp-content\/uploads\/2025\/01\/LIP-HEALTH-SOLUTIONS-1-300x92.png 300w\" sizes=\"(max-width: 315px) 100vw, 315px\" \/>\t\t\t\t<\/a>\n\t\t\t\t\t\t\t\t\t\t\t<\/div>\n\t\t\t\t<\/div>\n\t\t\t\t<\/div>\n\t\t<div class=\"elementor-element elementor-element-22ebd817 e-con-full e-flex e-con e-child\" data-id=\"22ebd817\" data-element_type=\"container\" data-e-type=\"container\">\n\t\t\t\t<div class=\"elementor-element elementor-element-54ef81fe elementor-nav-menu--stretch elementor-nav-menu--dropdown-tablet elementor-nav-menu__text-align-aside elementor-nav-menu--toggle elementor-nav-menu--burger elementor-widget elementor-widget-nav-menu\" data-id=\"54ef81fe\" data-element_type=\"widget\" data-e-type=\"widget\" data-settings=\"{&quot;submenu_icon&quot;:{&quot;value&quot;:&quot;&lt;i class=\\&quot;\\&quot; aria-hidden=\\&quot;true\\&quot;&gt;&lt;\\\/i&gt;&quot;,&quot;library&quot;:&quot;&quot;},&quot;full_width&quot;:&quot;stretch&quot;,&quot;layout&quot;:&quot;horizontal&quot;,&quot;toggle&quot;:&quot;burger&quot;}\" data-widget_type=\"nav-menu.default\">\n\t\t\t\t<div class=\"elementor-widget-container\">\n\t\t\t\t\t\t\t\t<nav aria-label=\"Men\u00fc\" class=\"elementor-nav-menu--main elementor-nav-menu__container elementor-nav-menu--layout-horizontal e--pointer-none\">\n\t\t\t\t<ul id=\"menu-1-54ef81fe\" class=\"elementor-nav-menu\"><li class=\"menu-item menu-item-type-post_type menu-item-object-page menu-item-639\"><a href=\"https:\/\/liphealthsolutions.de\/index.php\/ueber-ina\/\" class=\"elementor-item\">Ina Goebel<\/a><\/li>\n<li class=\"menu-item menu-item-type-post_type menu-item-object-page menu-item-435\"><a href=\"https:\/\/liphealthsolutions.de\/index.php\/behandlungstage\/\" class=\"elementor-item\">Gesundheitstage<\/a><\/li>\n<li class=\"menu-item menu-item-type-post_type menu-item-object-page menu-item-620\"><a href=\"https:\/\/liphealthsolutions.de\/index.php\/erfahrungsberichte\/\" class=\"elementor-item\">Erfahrungsberichte<\/a><\/li>\n<li class=\"menu-item menu-item-type-post_type menu-item-object-page menu-item-has-children menu-item-547\"><a href=\"https:\/\/liphealthsolutions.de\/index.php\/krankheitsbilder\/\" class=\"elementor-item\">Krankheitsbilder<\/a>\n<ul class=\"sub-menu elementor-nav-menu--dropdown\">\n\t<li class=\"menu-item menu-item-type-post_type menu-item-object-post menu-item-548\"><a href=\"https:\/\/liphealthsolutions.de\/index.php\/2023\/11\/02\/langzeitfolgen-von-covid-19-einblicke-in-das-lip-system\/\" class=\"elementor-sub-item\">Post-Covid-Syndrom<\/a><\/li>\n\t<li class=\"menu-item menu-item-type-post_type menu-item-object-post menu-item-744\"><a href=\"https:\/\/liphealthsolutions.de\/index.php\/2023\/11\/06\/leben-mit-mecfs-verstaendnis-und-unterstuetzung-mit-dem-lip-system\/\" class=\"elementor-sub-item\">ME | CFS<\/a><\/li>\n\t<li class=\"menu-item menu-item-type-post_type menu-item-object-post menu-item-743\"><a href=\"https:\/\/liphealthsolutions.de\/index.php\/2023\/11\/06\/das-epstein-barr-virus-ebv-im-fokus-des-lip-systems\/\" class=\"elementor-sub-item\">Epstein-Barr-Virus<\/a><\/li>\n\t<li class=\"menu-item menu-item-type-post_type menu-item-object-post menu-item-742\"><a href=\"https:\/\/liphealthsolutions.de\/index.php\/2023\/11\/06\/autoimmunerkrankungen\/\" class=\"elementor-sub-item\">Autoimmunerkrankungen<\/a><\/li>\n\t<li class=\"menu-item menu-item-type-post_type menu-item-object-post menu-item-741\"><a href=\"https:\/\/liphealthsolutions.de\/index.php\/2023\/11\/06\/behandlung-von-herpes\/\" class=\"elementor-sub-item\">Herpes<\/a><\/li>\n\t<li class=\"menu-item menu-item-type-post_type menu-item-object-post menu-item-740\"><a href=\"https:\/\/liphealthsolutions.de\/index.php\/2023\/11\/06\/borreliose-innovative-ansaetze-zur-diagnose-und-therapie\/\" class=\"elementor-sub-item\">Borreliose<\/a><\/li>\n\t<li class=\"menu-item menu-item-type-post_type menu-item-object-post menu-item-745\"><a href=\"https:\/\/liphealthsolutions.de\/index.php\/2023\/11\/06\/lymphozyten-immunprofilierung-fuer-ganzheitliche-gesundheit\/\" class=\"elementor-sub-item\">LTT-HSB-21<\/a><\/li>\n\t<li class=\"menu-item menu-item-type-post_type menu-item-object-post menu-item-739\"><a href=\"https:\/\/liphealthsolutions.de\/index.php\/2023\/11\/06\/behandlung-von-candida\/\" class=\"elementor-sub-item\">Candida<\/a><\/li>\n\t<li class=\"menu-item menu-item-type-post_type menu-item-object-post menu-item-738\"><a href=\"https:\/\/liphealthsolutions.de\/index.php\/2023\/11\/06\/beratung-und-unterstuetzung-bei-moeglichen-impfschaeden\/\" class=\"elementor-sub-item\">Impfsch\u00e4den<\/a><\/li>\n<\/ul>\n<\/li>\n<li class=\"menu-item menu-item-type-post_type menu-item-object-page menu-item-467\"><a href=\"https:\/\/liphealthsolutions.de\/index.php\/kontakt\/\" class=\"elementor-item\">Kontakt<\/a><\/li>\n<\/ul>\t\t\t<\/nav>\n\t\t\t\t\t<div class=\"elementor-menu-toggle\" role=\"button\" tabindex=\"0\" aria-label=\"Men\u00fc Umschalter\" aria-expanded=\"false\">\n\t\t\t<i aria-hidden=\"true\" role=\"presentation\" class=\"elementor-menu-toggle__icon--open eicon-menu-bar\"><\/i><i aria-hidden=\"true\" role=\"presentation\" class=\"elementor-menu-toggle__icon--close eicon-close\"><\/i>\t\t<\/div>\n\t\t\t\t\t<nav class=\"elementor-nav-menu--dropdown elementor-nav-menu__container\" aria-hidden=\"true\">\n\t\t\t\t<ul id=\"menu-2-54ef81fe\" class=\"elementor-nav-menu\"><li class=\"menu-item menu-item-type-post_type menu-item-object-page menu-item-639\"><a href=\"https:\/\/liphealthsolutions.de\/index.php\/ueber-ina\/\" class=\"elementor-item\" tabindex=\"-1\">Ina Goebel<\/a><\/li>\n<li class=\"menu-item menu-item-type-post_type menu-item-object-page menu-item-435\"><a href=\"https:\/\/liphealthsolutions.de\/index.php\/behandlungstage\/\" class=\"elementor-item\" tabindex=\"-1\">Gesundheitstage<\/a><\/li>\n<li class=\"menu-item menu-item-type-post_type menu-item-object-page menu-item-620\"><a href=\"https:\/\/liphealthsolutions.de\/index.php\/erfahrungsberichte\/\" class=\"elementor-item\" tabindex=\"-1\">Erfahrungsberichte<\/a><\/li>\n<li class=\"menu-item menu-item-type-post_type menu-item-object-page menu-item-has-children menu-item-547\"><a href=\"https:\/\/liphealthsolutions.de\/index.php\/krankheitsbilder\/\" class=\"elementor-item\" tabindex=\"-1\">Krankheitsbilder<\/a>\n<ul class=\"sub-menu elementor-nav-menu--dropdown\">\n\t<li class=\"menu-item menu-item-type-post_type menu-item-object-post menu-item-548\"><a href=\"https:\/\/liphealthsolutions.de\/index.php\/2023\/11\/02\/langzeitfolgen-von-covid-19-einblicke-in-das-lip-system\/\" class=\"elementor-sub-item\" tabindex=\"-1\">Post-Covid-Syndrom<\/a><\/li>\n\t<li class=\"menu-item menu-item-type-post_type menu-item-object-post menu-item-744\"><a href=\"https:\/\/liphealthsolutions.de\/index.php\/2023\/11\/06\/leben-mit-mecfs-verstaendnis-und-unterstuetzung-mit-dem-lip-system\/\" class=\"elementor-sub-item\" tabindex=\"-1\">ME | CFS<\/a><\/li>\n\t<li class=\"menu-item menu-item-type-post_type menu-item-object-post menu-item-743\"><a href=\"https:\/\/liphealthsolutions.de\/index.php\/2023\/11\/06\/das-epstein-barr-virus-ebv-im-fokus-des-lip-systems\/\" class=\"elementor-sub-item\" tabindex=\"-1\">Epstein-Barr-Virus<\/a><\/li>\n\t<li class=\"menu-item menu-item-type-post_type menu-item-object-post menu-item-742\"><a href=\"https:\/\/liphealthsolutions.de\/index.php\/2023\/11\/06\/autoimmunerkrankungen\/\" class=\"elementor-sub-item\" tabindex=\"-1\">Autoimmunerkrankungen<\/a><\/li>\n\t<li class=\"menu-item menu-item-type-post_type menu-item-object-post menu-item-741\"><a href=\"https:\/\/liphealthsolutions.de\/index.php\/2023\/11\/06\/behandlung-von-herpes\/\" class=\"elementor-sub-item\" tabindex=\"-1\">Herpes<\/a><\/li>\n\t<li class=\"menu-item menu-item-type-post_type menu-item-object-post menu-item-740\"><a href=\"https:\/\/liphealthsolutions.de\/index.php\/2023\/11\/06\/borreliose-innovative-ansaetze-zur-diagnose-und-therapie\/\" class=\"elementor-sub-item\" tabindex=\"-1\">Borreliose<\/a><\/li>\n\t<li class=\"menu-item menu-item-type-post_type menu-item-object-post menu-item-745\"><a href=\"https:\/\/liphealthsolutions.de\/index.php\/2023\/11\/06\/lymphozyten-immunprofilierung-fuer-ganzheitliche-gesundheit\/\" class=\"elementor-sub-item\" tabindex=\"-1\">LTT-HSB-21<\/a><\/li>\n\t<li class=\"menu-item menu-item-type-post_type menu-item-object-post menu-item-739\"><a href=\"https:\/\/liphealthsolutions.de\/index.php\/2023\/11\/06\/behandlung-von-candida\/\" class=\"elementor-sub-item\" tabindex=\"-1\">Candida<\/a><\/li>\n\t<li class=\"menu-item menu-item-type-post_type menu-item-object-post menu-item-738\"><a href=\"https:\/\/liphealthsolutions.de\/index.php\/2023\/11\/06\/beratung-und-unterstuetzung-bei-moeglichen-impfschaeden\/\" class=\"elementor-sub-item\" tabindex=\"-1\">Impfsch\u00e4den<\/a><\/li>\n<\/ul>\n<\/li>\n<li class=\"menu-item menu-item-type-post_type menu-item-object-page menu-item-467\"><a href=\"https:\/\/liphealthsolutions.de\/index.php\/kontakt\/\" class=\"elementor-item\" tabindex=\"-1\">Kontakt<\/a><\/li>\n<\/ul>\t\t\t<\/nav>\n\t\t\t\t\t\t<\/div>\n\t\t\t\t<\/div>\n\t\t\t\t<\/div>\n\t\t\t\t<\/div>\n\t\t\t\t<\/div>\n\t\t<div class=\"elementor-element elementor-element-7e583a45 e-con-full e-flex e-con e-parent\" data-id=\"7e583a45\" data-element_type=\"container\" data-e-type=\"container\" data-settings=\"{&quot;background_background&quot;:&quot;classic&quot;}\">\n\t\t<div class=\"elementor-element elementor-element-456e253d e-con-full e-flex e-con e-child\" data-id=\"456e253d\" data-element_type=\"container\" data-e-type=\"container\">\n\t\t\t\t<div class=\"elementor-element elementor-element-3c61e157 elementor-widget elementor-widget-heading\" data-id=\"3c61e157\" data-element_type=\"widget\" data-e-type=\"widget\" data-widget_type=\"heading.default\">\n\t\t\t\t<div class=\"elementor-widget-container\">\n\t\t\t\t\t<h1 class=\"elementor-heading-title elementor-size-default\">Impressum<\/h1>\t\t\t\t<\/div>\n\t\t\t\t<\/div>\n\t\t\t\t<div class=\"elementor-element elementor-element-331ada1f elementor-hidden-mobile elementor-widget elementor-widget-heading\" data-id=\"331ada1f\" data-element_type=\"widget\" data-e-type=\"widget\" data-widget_type=\"heading.default\">\n\t\t\t\t<div class=\"elementor-widget-container\">\n\t\t\t\t\t<h2 class=\"elementor-heading-title elementor-size-default\">Ganzheitliche Gesundheit: <br>\nSteigern Sie jetzt Ihre Lebensqualit\u00e4t<\/h2>\t\t\t\t<\/div>\n\t\t\t\t<\/div>\n\t\t\t\t<div class=\"elementor-element elementor-element-33f97bca elementor-hidden-desktop elementor-hidden-tablet elementor-widget elementor-widget-heading\" data-id=\"33f97bca\" data-element_type=\"widget\" data-e-type=\"widget\" data-widget_type=\"heading.default\">\n\t\t\t\t<div class=\"elementor-widget-container\">\n\t\t\t\t\t<h2 class=\"elementor-heading-title elementor-size-default\">Ganzheitliche Gesundheit: <br>\nSteigern Sie jetzt  <br>Ihre Lebensqualit\u00e4t<\/h2>\t\t\t\t<\/div>\n\t\t\t\t<\/div>\n\t\t\t\t<div class=\"elementor-element elementor-element-7413702b elementor-widget elementor-widget-button\" data-id=\"7413702b\" data-element_type=\"widget\" data-e-type=\"widget\" data-widget_type=\"button.default\">\n\t\t\t\t<div class=\"elementor-widget-container\">\n\t\t\t\t\t\t\t\t\t<div class=\"elementor-button-wrapper\">\n\t\t\t\t\t<a class=\"elementor-button elementor-button-link elementor-size-sm elementor-animation-float\" href=\"#elementor-action%3Aaction%3Dpopup%3Aopen%26settings%3DeyJpZCI6IjY2NyIsInRvZ2dsZSI6ZmFsc2V9\">\n\t\t\t\t\t\t<span class=\"elementor-button-content-wrapper\">\n\t\t\t\t\t\t\t\t\t<span class=\"elementor-button-text\">Jetzt kostenfreies Erstgespr\u00e4ch vereinbaren<\/span>\n\t\t\t\t\t<\/span>\n\t\t\t\t\t<\/a>\n\t\t\t\t<\/div>\n\t\t\t\t\t\t\t\t<\/div>\n\t\t\t\t<\/div>\n\t\t\t\t<\/div>\n\t\t\t\t<\/div>\n\t\t<div class=\"elementor-element elementor-element-7b360f9 e-con-full e-flex e-con e-parent\" data-id=\"7b360f9\" data-element_type=\"container\" data-e-type=\"container\">\n\t\t<div class=\"elementor-element elementor-element-60b7bde e-con-full e-flex e-con e-child\" data-id=\"60b7bde\" data-element_type=\"container\" data-e-type=\"container\">\n\t\t\t\t<div class=\"elementor-element elementor-element-f33e775 elementor-widget elementor-widget-heading\" data-id=\"f33e775\" data-element_type=\"widget\" data-e-type=\"widget\" data-widget_type=\"heading.default\">\n\t\t\t\t<div class=\"elementor-widget-container\">\n\t\t\t\t\t<h3 class=\"elementor-heading-title elementor-size-default\">Angaben gem\u00e4\u00df \u00a7 5 TMG<\/h3>\t\t\t\t<\/div>\n\t\t\t\t<\/div>\n\t\t\t\t<div class=\"elementor-element elementor-element-c2fb577 elementor-widget elementor-widget-text-editor\" data-id=\"c2fb577\" data-element_type=\"widget\" data-e-type=\"widget\" data-widget_type=\"text-editor.default\">\n\t\t\t\t<div class=\"elementor-widget-container\">\n\t\t\t\t\t\t\t\t\t<p>Ina Goebel <br \/>LIP Health Solutions<br \/>Wingertstra\u00dfe 88<br \/>63477 Maintal<\/p>\t\t\t\t\t\t\t\t<\/div>\n\t\t\t\t<\/div>\n\t\t\t\t<div class=\"elementor-element elementor-element-e21078e elementor-widget elementor-widget-heading\" data-id=\"e21078e\" data-element_type=\"widget\" data-e-type=\"widget\" data-widget_type=\"heading.default\">\n\t\t\t\t<div class=\"elementor-widget-container\">\n\t\t\t\t\t<h3 class=\"elementor-heading-title elementor-size-default\">Kontakt<\/h3>\t\t\t\t<\/div>\n\t\t\t\t<\/div>\n\t\t\t\t<div class=\"elementor-element elementor-element-63e2062 elementor-widget elementor-widget-text-editor\" data-id=\"63e2062\" data-element_type=\"widget\" data-e-type=\"widget\" data-widget_type=\"text-editor.default\">\n\t\t\t\t<div class=\"elementor-widget-container\">\n\t\t\t\t\t\t\t\t\t<p>Telefon: 0176 306 77 853<br \/>E-Mail: info@liphealthsolutions.de<\/p>\t\t\t\t\t\t\t\t<\/div>\n\t\t\t\t<\/div>\n\t\t\t\t<div class=\"elementor-element elementor-element-f6da706 elementor-widget elementor-widget-heading\" data-id=\"f6da706\" data-element_type=\"widget\" data-e-type=\"widget\" data-widget_type=\"heading.default\">\n\t\t\t\t<div class=\"elementor-widget-container\">\n\t\t\t\t\t<h3 class=\"elementor-heading-title elementor-size-default\">Verantwortlich f\u00fcr den Inhalt nach \u00a7 55 Abs. 2 RStV\n<\/h3>\t\t\t\t<\/div>\n\t\t\t\t<\/div>\n\t\t\t\t<div class=\"elementor-element elementor-element-a95a2db elementor-widget elementor-widget-text-editor\" data-id=\"a95a2db\" data-element_type=\"widget\" data-e-type=\"widget\" data-widget_type=\"text-editor.default\">\n\t\t\t\t<div class=\"elementor-widget-container\">\n\t\t\t\t\t\t\t\t\t<p>Ina Goebel <br \/>LIP Health Solutions<br \/>Wingertstra\u00dfe 88<br \/>63477 Maintal<\/p>\t\t\t\t\t\t\t\t<\/div>\n\t\t\t\t<\/div>\n\t\t\t\t<div class=\"elementor-element elementor-element-8fe433d elementor-widget elementor-widget-heading\" data-id=\"8fe433d\" data-element_type=\"widget\" data-e-type=\"widget\" data-widget_type=\"heading.default\">\n\t\t\t\t<div class=\"elementor-widget-container\">\n\t\t\t\t\t<h3 class=\"elementor-heading-title elementor-size-default\">EU-Streitschlichtung\n<\/h3>\t\t\t\t<\/div>\n\t\t\t\t<\/div>\n\t\t\t\t<div class=\"elementor-element elementor-element-921b67d elementor-widget elementor-widget-text-editor\" data-id=\"921b67d\" data-element_type=\"widget\" data-e-type=\"widget\" data-widget_type=\"text-editor.default\">\n\t\t\t\t<div class=\"elementor-widget-container\">\n\t\t\t\t\t\t\t\t\t<p>Die Europ\u00e4ische Kommission stellt eine Plattform zur Online-Streitbeilegung (OS) bereit: https:\/\/ec.europa.eu\/consumers\/odr.<br \/>Unsere E-Mail-Adresse finden Sie oben im Impressum.<\/p>\t\t\t\t\t\t\t\t<\/div>\n\t\t\t\t<\/div>\n\t\t\t\t<div class=\"elementor-element elementor-element-5a16ffa elementor-widget elementor-widget-heading\" data-id=\"5a16ffa\" data-element_type=\"widget\" data-e-type=\"widget\" data-widget_type=\"heading.default\">\n\t\t\t\t<div class=\"elementor-widget-container\">\n\t\t\t\t\t<h3 class=\"elementor-heading-title elementor-size-default\">Verbraucher\u00adstreit\u00adbeilegung\/Universal\u00adschlichtungs\u00adstelle\n<\/h3>\t\t\t\t<\/div>\n\t\t\t\t<\/div>\n\t\t\t\t<div class=\"elementor-element elementor-element-224c300 elementor-widget elementor-widget-text-editor\" data-id=\"224c300\" data-element_type=\"widget\" data-e-type=\"widget\" data-widget_type=\"text-editor.default\">\n\t\t\t\t<div class=\"elementor-widget-container\">\n\t\t\t\t\t\t\t\t\t<p>Wir sind nicht bereit oder verpflichtet, an Streitbeilegungsverfahren vor einer Verbraucherschlichtungsstelle teilzunehmen.<\/p><p>\u00a0<\/p>\t\t\t\t\t\t\t\t<\/div>\n\t\t\t\t<\/div>\n\t\t\t\t<div class=\"elementor-element elementor-element-83d9a83 elementor-widget elementor-widget-heading\" data-id=\"83d9a83\" data-element_type=\"widget\" data-e-type=\"widget\" data-widget_type=\"heading.default\">\n\t\t\t\t<div class=\"elementor-widget-container\">\n\t\t\t\t\t<h3 class=\"elementor-heading-title elementor-size-default\">Haftung f\u00fcr Inhalte<\/h3>\t\t\t\t<\/div>\n\t\t\t\t<\/div>\n\t\t\t\t<div class=\"elementor-element elementor-element-54907d5 elementor-widget elementor-widget-text-editor\" data-id=\"54907d5\" data-element_type=\"widget\" data-e-type=\"widget\" data-widget_type=\"text-editor.default\">\n\t\t\t\t<div class=\"elementor-widget-container\">\n\t\t\t\t\t\t\t\t\t<p>Als Diensteanbieter sind wir gem\u00e4\u00df \u00a7 7 Abs.1 TMG f\u00fcr eigene Inhalte auf diesen Seiten nach den allgemeinen Gesetzen verantwortlich. Nach \u00a7\u00a7 8 bis 10 TMG sind wir als Diensteanbieter jedoch nicht verpflichtet, \u00fcbermittelte oder gespeicherte fremde Informationen zu \u00fcberwachen oder nach Umst\u00e4nden zu forschen, die auf eine rechtswidrige T\u00e4tigkeit hinweisen.<\/p><p>Verpflichtungen zur Entfernung oder Sperrung der Nutzung von Informationen nach den allgemeinen Gesetzen bleiben hiervon unber\u00fchrt. Eine diesbez\u00fcgliche Haftung ist jedoch erst ab dem Zeitpunkt der Kenntnis einer konkreten Rechtsverletzung m\u00f6glich. Bei Bekanntwerden von entsprechenden Rechtsverletzungen werden wir diese Inhalte umgehend entfernen.<\/p>\t\t\t\t\t\t\t\t<\/div>\n\t\t\t\t<\/div>\n\t\t\t\t<div class=\"elementor-element elementor-element-4742bf5 elementor-widget elementor-widget-heading\" data-id=\"4742bf5\" data-element_type=\"widget\" data-e-type=\"widget\" data-widget_type=\"heading.default\">\n\t\t\t\t<div class=\"elementor-widget-container\">\n\t\t\t\t\t<h3 class=\"elementor-heading-title elementor-size-default\">Haftung f\u00fcr Links<\/h3>\t\t\t\t<\/div>\n\t\t\t\t<\/div>\n\t\t\t\t<div class=\"elementor-element elementor-element-83a55a2 elementor-widget elementor-widget-text-editor\" data-id=\"83a55a2\" data-element_type=\"widget\" data-e-type=\"widget\" data-widget_type=\"text-editor.default\">\n\t\t\t\t<div class=\"elementor-widget-container\">\n\t\t\t\t\t\t\t\t\t<p>Unser Angebot enth\u00e4lt Links zu externen Websites Dritter, auf deren Inhalte wir keinen Einfluss haben. Deshalb k\u00f6nnen wir f\u00fcr diese fremden Inhalte auch keine Gew\u00e4hr \u00fcbernehmen. F\u00fcr die Inhalte der verlinkten Seiten ist stets der jeweilige Anbieter oder Betreiber der Seiten verantwortlich. Die verlinkten Seiten wurden zum Zeitpunkt der Verlinkung auf m\u00f6gliche Rechtsverst\u00f6\u00dfe \u00fcberpr\u00fcft. Rechtswidrige Inhalte waren zum Zeitpunkt der Verlinkung nicht erkennbar.<\/p><p>Eine permanente inhaltliche Kontrolle der verlinkten Seiten ist jedoch ohne konkrete Anhaltspunkte einer Rechtsverletzung nicht zumutbar. Bei Bekanntwerden von Rechtsverletzungen werden wir derartige Links umgehend entfernen.<\/p>\t\t\t\t\t\t\t\t<\/div>\n\t\t\t\t<\/div>\n\t\t\t\t<div class=\"elementor-element elementor-element-7f01918 elementor-widget elementor-widget-heading\" data-id=\"7f01918\" data-element_type=\"widget\" data-e-type=\"widget\" data-widget_type=\"heading.default\">\n\t\t\t\t<div class=\"elementor-widget-container\">\n\t\t\t\t\t<h3 class=\"elementor-heading-title elementor-size-default\">Urheberrecht<\/h3>\t\t\t\t<\/div>\n\t\t\t\t<\/div>\n\t\t\t\t<div class=\"elementor-element elementor-element-3502704 elementor-widget elementor-widget-text-editor\" data-id=\"3502704\" data-element_type=\"widget\" data-e-type=\"widget\" data-widget_type=\"text-editor.default\">\n\t\t\t\t<div class=\"elementor-widget-container\">\n\t\t\t\t\t\t\t\t\t<p>Die durch die Seitenbetreiber erstellten Inhalte und Werke auf diesen Seiten unterliegen dem deutschen Urheberrecht. Die Vervielf\u00e4ltigung, Bearbeitung, Verbreitung und jede Art der Verwertung au\u00dferhalb der Grenzen des Urheberrechtes bed\u00fcrfen der schriftlichen Zustimmung des jeweiligen Autors bzw. Erstellers. Downloads und Kopien dieser Seite sind nur f\u00fcr den privaten, nicht kommerziellen Gebrauch gestattet.<\/p><p>Soweit die Inhalte auf dieser Seite nicht vom Betreiber erstellt wurden, werden die Urheberrechte Dritter beachtet. Insbesondere werden Inhalte Dritter als solche gekennzeichnet. Sollten Sie trotzdem auf eine Urheberrechtsverletzung aufmerksam werden, bitten wir um einen entsprechenden Hinweis. Bei Bekanntwerden von Rechtsverletzungen werden wir derartige Inhalte umgehend entfernen.<\/p>\t\t\t\t\t\t\t\t<\/div>\n\t\t\t\t<\/div>\n\t\t\t\t<\/div>\n\t\t\t\t<\/div>\n\t\t\t\t<\/div>\n\t\t","protected":false},"excerpt":{"rendered":"<p>Impressum Ganzheitliche Gesundheit: Steigern Sie jetzt Ihre Lebensqualit\u00e4t Ganzheitliche Gesundheit: Steigern Sie jetzt Ihre Lebensqualit\u00e4t Jetzt kostenfreies Erstgespr\u00e4ch vereinbaren Angaben gem\u00e4\u00df \u00a7 5 TMG Ina Goebel LIP Health SolutionsWingertstra\u00dfe 8863477 Maintal Kontakt Telefon: 0176 306 77 853E-Mail: info@liphealthsolutions.de Verantwortlich f\u00fcr den Inhalt nach \u00a7 55 Abs. 2 RStV Ina Goebel LIP Health SolutionsWingertstra\u00dfe 8863477 Maintal [&hellip;]<\/p>\n","protected":false},"author":1,"featured_media":0,"parent":0,"menu_order":0,"comment_status":"closed","ping_status":"closed","template":"","meta":{"_acf_changed":false,"footnotes":""},"class_list":{"1":"page"},"acf":[],"_links":{"self":[{"href":"https:\/\/liphealthsolutions.de\/index.php\/wp-json\/wp\/v2\/pages\/686","targetHints":{"allow":["GET"]}}],"collection":[{"href":"https:\/\/liphealthsolutions.de\/index.php\/wp-json\/wp\/v2\/pages"}],"about":[{"href":"https:\/\/liphealthsolutions.de\/index.php\/wp-json\/wp\/v2\/types\/page"}],"author":[{"embeddable":true,"href":"https:\/\/liphealthsolutions.de\/index.php\/wp-json\/wp\/v2\/users\/1"}],"replies":[{"embeddable":true,"href":"https:\/\/liphealthsolutions.de\/index.php\/wp-json\/wp\/v2\/comments?post=686"}],"version-history":[{"count":22,"href":"https:\/\/liphealthsolutions.de\/index.php\/wp-json\/wp\/v2\/pages\/686\/revisions"}],"predecessor-version":[{"id":1372,"href":"https:\/\/liphealthsolutions.de\/index.php\/wp-json\/wp\/v2\/pages\/686\/revisions\/1372"}],"wp:attachment":[{"href":"https:\/\/liphealthsolutions.de\/index.php\/wp-json\/wp\/v2\/media?parent=686"}],"curies":[{"name":"wp","href":"https:\/\/api.w.org\/{rel}","templated":true}]}}